{"id":27,"date":"2019-05-19T20:24:58","date_gmt":"2019-05-19T18:24:58","guid":{"rendered":"http:\/\/djphiphi.com\/p\/?page_id=27"},"modified":"2024-12-05T09:09:11","modified_gmt":"2024-12-05T08:09:11","slug":"home","status":"publish","type":"page","link":"http:\/\/djphiphi.com\/p\/","title":{"rendered":"Home"},"content":{"rendered":"<div id='av-layout-grid-1'  class='av-layout-grid-container av-21vqr-059c2605326fda19d5acb7e7a36f5c88 entry-content-wrapper main_color av-flex-cells  avia-builder-el-0  el_before_av_one_half  avia-builder-el-first   container_wrap fullsize'  >\n\n<style type=\"text\/css\" data-created_by=\"avia_inline_auto\" id=\"style-css-av-jvwd8xyz-8ed06d839fb9090dc6702fd2faa5ccf0\">\n.flex_cell.av-jvwd8xyz-8ed06d839fb9090dc6702fd2faa5ccf0{\nvertical-align:top;\n}\n.responsive #top #wrap_all .flex_cell.av-jvwd8xyz-8ed06d839fb9090dc6702fd2faa5ccf0{\npadding:0px 0px 0px 0px !important;\n}\n<\/style>\n<div class='flex_cell av-jvwd8xyz-8ed06d839fb9090dc6702fd2faa5ccf0 av-gridrow-cell av_one_third no_margin  avia-builder-el-1  el_before_av_cell_one_third  avia-builder-el-first  av-zero-padding'  ><div class='flex_cell_inner'>\n<style type=\"text\/css\" data-created_by=\"avia_inline_auto\" id=\"style-css-av-jvwd21g4-3-ee87abde80b7c6c6f88b4ced506c7a78\">\n.avia-image-container.av-jvwd21g4-3-ee87abde80b7c6c6f88b4ced506c7a78 img.avia_image{\nbox-shadow:none;\n}\n.avia-image-container.av-jvwd21g4-3-ee87abde80b7c6c6f88b4ced506c7a78 .av-caption-image-overlay-bg{\nopacity:0.2;\nbackground-color:#000000;\n}\n.avia-image-container.av-jvwd21g4-3-ee87abde80b7c6c6f88b4ced506c7a78 .av-image-caption-overlay-center{\ncolor:#ffffff;\nfont-size:28px;\n}\n<\/style>\n<div  class='avia-image-container av-jvwd21g4-3-ee87abde80b7c6c6f88b4ced506c7a78 av-styling-no-styling av-hover-grow av-img-linked avia_animated_image av-animated-when-visible-95 left-to-right avia-align-  avia-builder-el-2  avia-builder-el-no-sibling  noHover av-overlay-on-hover'   itemprop=\"image\" itemscope=\"itemscope\" itemtype=\"https:\/\/schema.org\/ImageObject\" ><div class=\"avia-image-container-inner\"><div class=\"avia-image-overlay-wrap\"><a href=\"http:\/\/djphiphi.com\/p\/biography-of-a-deejay-called-phi-phi\/\" class='avia_image '  aria-label='Ph-Toultemonde-or-PhiPhi_intro'><div class=\"av-image-caption-overlay\"><div class=\"av-caption-image-overlay-bg\"><\/div><div class=\"av-image-caption-overlay-position\"><div class=\"av-image-caption-overlay-center\"><h1 class=\"right introbtn\">Backward<\/h1>\n<p class=\"right introbtn\">The legacy<\/p>\n<\/div><\/div><\/div><img decoding=\"async\" fetchpriority=\"high\" class='wp-image-48 avia-img-lazy-loading-not-48 avia_image ' src=\"http:\/\/djphiphi.com\/p\/wp-content\/uploads\/2019\/05\/Ph-Toultemonde-or-PhiPhi_intro.jpg\" alt='Ph-Toultemonde-or-PhiPhi' title='Ph-Toultemonde-or-PhiPhi_intro'  height=\"1400\" width=\"800\"  itemprop=\"thumbnailUrl\" srcset=\"http:\/\/djphiphi.com\/p\/wp-content\/uploads\/2019\/05\/Ph-Toultemonde-or-PhiPhi_intro.jpg 800w, http:\/\/djphiphi.com\/p\/wp-content\/uploads\/2019\/05\/Ph-Toultemonde-or-PhiPhi_intro-171x300.jpg 171w, http:\/\/djphiphi.com\/p\/wp-content\/uploads\/2019\/05\/Ph-Toultemonde-or-PhiPhi_intro-768x1344.jpg 768w, http:\/\/djphiphi.com\/p\/wp-content\/uploads\/2019\/05\/Ph-Toultemonde-or-PhiPhi_intro-589x1030.jpg 589w, http:\/\/djphiphi.com\/p\/wp-content\/uploads\/2019\/05\/Ph-Toultemonde-or-PhiPhi_intro-403x705.jpg 403w, http:\/\/djphiphi.com\/p\/wp-content\/uploads\/2019\/05\/Ph-Toultemonde-or-PhiPhi_intro-450x788.jpg 450w\" sizes=\"(max-width: 800px) 100vw, 800px\" \/><\/a><\/div><\/div><\/div>\n<\/div><\/div>\n<style type=\"text\/css\" data-created_by=\"avia_inline_auto\" id=\"style-css-av-1o327-4584359a4e5b6e4dbe320f97241e4092\">\n.flex_cell.av-1o327-4584359a4e5b6e4dbe320f97241e4092{\nvertical-align:top;\n}\n.responsive #top #wrap_all .flex_cell.av-1o327-4584359a4e5b6e4dbe320f97241e4092{\npadding:0px 0px 0px 0px !important;\n}\n<\/style>\n<div class='flex_cell av-1o327-4584359a4e5b6e4dbe320f97241e4092 av-gridrow-cell av_one_third no_margin  avia-builder-el-3  el_after_av_cell_one_third  el_before_av_cell_one_third  av-zero-padding'  ><div class='flex_cell_inner'>\n<style type=\"text\/css\" data-created_by=\"avia_inline_auto\" id=\"style-css-av-jvwd21g4-0441f21305c5e4d2574349ef95e24632\">\n.avia-image-container.av-jvwd21g4-0441f21305c5e4d2574349ef95e24632 img.avia_image{\nbox-shadow:none;\n}\n.avia-image-container.av-jvwd21g4-0441f21305c5e4d2574349ef95e24632 .av-caption-image-overlay-bg{\nopacity:0.2;\nbackground-color:#000000;\n}\n.avia-image-container.av-jvwd21g4-0441f21305c5e4d2574349ef95e24632 .av-image-caption-overlay-center{\ncolor:#ffffff;\nfont-size:28px;\n}\n<\/style>\n<div  class='avia-image-container av-jvwd21g4-0441f21305c5e4d2574349ef95e24632 av-styling-no-styling av-hover-grow av-img-linked avia_animated_image av-animated-when-visible-95 left-to-right avia-align-  avia-builder-el-4  avia-builder-el-no-sibling  noHover av-overlay-on-hover'   itemprop=\"image\" itemscope=\"itemscope\" itemtype=\"https:\/\/schema.org\/ImageObject\" ><div class=\"avia-image-container-inner\"><div class=\"avia-image-overlay-wrap\"><a href=\"http:\/\/djphiphi.com\/p\/biography-of-a-deejay-called-phi-phi\/\" class='avia_image '  aria-label='Ph-Toultemonde-aka-PhiPhi_intro'><div class=\"av-image-caption-overlay\"><div class=\"av-caption-image-overlay-bg\"><\/div><div class=\"av-image-caption-overlay-position\"><div class=\"av-image-caption-overlay-center\"><h1 class=\"right introbtn\">Forward<\/h1>\n<p class=\"right introbtn\">Never stops<\/p>\n<\/div><\/div><\/div><img decoding=\"async\" fetchpriority=\"high\" class='wp-image-47 avia-img-lazy-loading-not-47 avia_image ' src=\"http:\/\/djphiphi.com\/p\/wp-content\/uploads\/2019\/05\/Ph-Toultemonde-aka-PhiPhi_intro.jpg\" alt='Ph-Toultemonde-aka-PhiPhi' title='Ph-Toultemonde-aka-PhiPhi_intro'  height=\"1400\" width=\"800\"  itemprop=\"thumbnailUrl\" srcset=\"http:\/\/djphiphi.com\/p\/wp-content\/uploads\/2019\/05\/Ph-Toultemonde-aka-PhiPhi_intro.jpg 800w, http:\/\/djphiphi.com\/p\/wp-content\/uploads\/2019\/05\/Ph-Toultemonde-aka-PhiPhi_intro-171x300.jpg 171w, http:\/\/djphiphi.com\/p\/wp-content\/uploads\/2019\/05\/Ph-Toultemonde-aka-PhiPhi_intro-768x1344.jpg 768w, http:\/\/djphiphi.com\/p\/wp-content\/uploads\/2019\/05\/Ph-Toultemonde-aka-PhiPhi_intro-589x1030.jpg 589w, http:\/\/djphiphi.com\/p\/wp-content\/uploads\/2019\/05\/Ph-Toultemonde-aka-PhiPhi_intro-403x705.jpg 403w, http:\/\/djphiphi.com\/p\/wp-content\/uploads\/2019\/05\/Ph-Toultemonde-aka-PhiPhi_intro-450x788.jpg 450w\" sizes=\"(max-width: 800px) 100vw, 800px\" \/><\/a><\/div><\/div><\/div>\n<\/div><\/div>\n<style type=\"text\/css\" data-created_by=\"avia_inline_auto\" id=\"style-css-av-x80b-b4587e9b8fe153247981fd5963219297\">\n.flex_cell.av-x80b-b4587e9b8fe153247981fd5963219297{\nvertical-align:top;\n}\n.responsive #top #wrap_all .flex_cell.av-x80b-b4587e9b8fe153247981fd5963219297{\npadding:0px 0px 0px 0px !important;\n}\n<\/style>\n<div class='flex_cell av-x80b-b4587e9b8fe153247981fd5963219297 av-gridrow-cell av_one_third no_margin  avia-builder-el-5  el_after_av_cell_one_third  avia-builder-el-last  av-zero-padding'  ><div class='flex_cell_inner'>\n<style type=\"text\/css\" data-created_by=\"avia_inline_auto\" id=\"style-css-av-jvwd21g4-2-ca5a1f510a92beb28e1b0ad5bce9237c\">\n.avia-image-container.av-jvwd21g4-2-ca5a1f510a92beb28e1b0ad5bce9237c img.avia_image{\nbox-shadow:none;\n}\n.avia-image-container.av-jvwd21g4-2-ca5a1f510a92beb28e1b0ad5bce9237c .av-caption-image-overlay-bg{\nopacity:0.2;\nbackground-color:#000000;\n}\n.avia-image-container.av-jvwd21g4-2-ca5a1f510a92beb28e1b0ad5bce9237c .av-image-caption-overlay-center{\ncolor:#ffffff;\n}\n<\/style>\n<div  class='avia-image-container av-jvwd21g4-2-ca5a1f510a92beb28e1b0ad5bce9237c av-styling-no-styling av-hover-grow av-img-linked avia_animated_image av-animated-when-visible-95 left-to-right avia-align-  avia-builder-el-6  avia-builder-el-no-sibling  noHover av-overlay-on-hover'   itemprop=\"image\" itemscope=\"itemscope\" itemtype=\"https:\/\/schema.org\/ImageObject\" ><div class=\"avia-image-container-inner\"><div class=\"avia-image-overlay-wrap\"><a href=\"http:\/\/djphiphi.com\/p\/biography-of-a-deejay-called-phi-phi\/\" class='avia_image '  aria-label='mouvement_perpetuel_intro'><div class=\"av-image-caption-overlay\"><div class=\"av-caption-image-overlay-bg\"><\/div><div class=\"av-image-caption-overlay-position\"><div class=\"av-image-caption-overlay-center\"><h1 class=\"right introbtn\">mouvement perpetuel<\/h1>\n<\/div><\/div><\/div><img decoding=\"async\" fetchpriority=\"high\" class='wp-image-49 avia-img-lazy-loading-not-49 avia_image ' src=\"http:\/\/djphiphi.com\/p\/wp-content\/uploads\/2019\/05\/mouvement_perpetuel_intro-1.jpg\" alt='mouvement_perpetuel_helix logo' title='mouvement_perpetuel_intro'  height=\"1400\" width=\"800\"  itemprop=\"thumbnailUrl\" srcset=\"http:\/\/djphiphi.com\/p\/wp-content\/uploads\/2019\/05\/mouvement_perpetuel_intro-1.jpg 800w, http:\/\/djphiphi.com\/p\/wp-content\/uploads\/2019\/05\/mouvement_perpetuel_intro-1-171x300.jpg 171w, http:\/\/djphiphi.com\/p\/wp-content\/uploads\/2019\/05\/mouvement_perpetuel_intro-1-768x1344.jpg 768w, http:\/\/djphiphi.com\/p\/wp-content\/uploads\/2019\/05\/mouvement_perpetuel_intro-1-589x1030.jpg 589w, http:\/\/djphiphi.com\/p\/wp-content\/uploads\/2019\/05\/mouvement_perpetuel_intro-1-403x705.jpg 403w, http:\/\/djphiphi.com\/p\/wp-content\/uploads\/2019\/05\/mouvement_perpetuel_intro-1-450x788.jpg 450w\" sizes=\"(max-width: 800px) 100vw, 800px\" \/><\/a><\/div><\/div><\/div>\n<\/div><\/div><\/div><div id='after_grid_row_1'  class='main_color av_default_container_wrap container_wrap fullsize'  ><div class='container av-section-cont-open' ><div class='template-page content  av-content-full alpha units'><div class='post-entry post-entry-type-page post-entry-27'><div class='entry-content-wrapper clearfix'>\n<style type=\"text\/css\" data-created_by=\"avia_inline_auto\" id=\"style-css-av-438mz-85e07894756fdc988d919e393b8362b3\">\n.flex_column.av-438mz-85e07894756fdc988d919e393b8362b3{\nborder-radius:0px 0px 0px 0px;\npadding:0px 0px 0px 0px;\n}\n<\/style>\n<div  class='flex_column av-438mz-85e07894756fdc988d919e393b8362b3 av_one_half  avia-builder-el-7  el_after_av_layout_row  el_before_av_one_half  avia-builder-el-first  first flex_column_div av-zero-column-padding  '     ><br \/>\n<div  class='avia-builder-widget-area clearfix  avia-builder-el-9  el_after_av_codeblock  avia-builder-el-last '><section id=\"ai1ec_agenda_widget-2\" class=\"widget clearfix widget_ai1ec_agenda_widget\">\n\n\t<h3 class=\"widgettitle\">Agenda<\/h3>\n\n<style>\n<!--\n\n-->\n<\/style>\n<div class=\"timely ai1ec-agenda-widget-view ai1ec-clearfix\">\n\n\t\t\t<p class=\"ai1ec-no-results\">\n\t\t\tIl n\u2019y a aucun \u00e9v\u00e8nement \u00e0 venir.\n\t\t<\/p>\n\t \n\t\t\t<div class=\"ai1ec-subscribe-buttons-widget\">\n\t\t\t\t\t\t\t<a class=\"ai1ec-btn ai1ec-btn-default ai1ec-btn-xs ai1ec-pull-right\n\t\t\t\t\tai1ec-calendar-link\"\n\t\t\t\t\thref=\"http&#x3A;&#x2F;&#x2F;djphiphi.com&#x2F;p&#x2F;agenda&#x2F;\">\n\t\t\t\t\tVoir le calendrier\n\t\t\t\t\t<i class=\"ai1ec-fa ai1ec-fa-arrow-right\"><\/i>\n\t\t\t\t<\/a>\n\t\t\t\n\t\t\t\t\t<\/div>\n\t \n<\/div>\n\n\n\n<span class=\"seperator extralight-border\"><\/span><\/section><\/div><\/p><\/div><\/p>\n\n<style type=\"text\/css\" data-created_by=\"avia_inline_auto\" id=\"style-css-av-jw0vgqic-f55b9a47e94f064756dba52bfd8186eb\">\n.flex_column.av-jw0vgqic-f55b9a47e94f064756dba52bfd8186eb{\nborder-radius:0px 0px 0px 0px;\npadding:0px 0px 0px 0px;\n}\n<\/style>\n<div  class='flex_column av-jw0vgqic-f55b9a47e94f064756dba52bfd8186eb av_one_half  avia-builder-el-10  el_after_av_one_half  avia-builder-el-last  flex_column_div av-animated-generic right-to-left av-zero-column-padding  '     ><br \/>\n<form action=\"http:\/\/djphiphi.com\/p\/\" method=\"post\" data-fields-with-error=\"Erreurs trouv\u00e9es dans les champs suivants :\" class=\"avia_ajax_form av-form-labels-visible   avia-builder-el-12  el_after_av_codeblock  avia-builder-el-last   \" data-avia-form-id=\"1\" data-avia-redirect='' ><h3 class=''>Contact :<\/h3><fieldset><p class='  first_form  form_element form_fullwidth' id='element_avia_1_1'><label for=\"avia_1_1\">Nom <abbr class=\"required\" title=\"requis(e)\">*<\/abbr><\/label> <input name=\"avia_1_1\" class=\"text_input is_empty\" type=\"text\" id=\"avia_1_1\" value=\"\" \/><\/p><p class='  first_form  form_element form_fullwidth' id='element_avia_2_1'><label for=\"avia_2_1\">Adresse mail <abbr class=\"required\" title=\"requis(e)\">*<\/abbr><\/label> <input name=\"avia_2_1\" class=\"text_input is_email\" type=\"text\" id=\"avia_2_1\" value=\"\" \/><\/p><p class='  first_form  form_element form_fullwidth' id='element_avia_3_1'><label for=\"avia_3_1\">Sujet <abbr class=\"required\" title=\"requis(e)\">*<\/abbr><\/label> <input name=\"avia_3_1\" class=\"text_input is_empty\" type=\"text\" id=\"avia_3_1\" value=\"\" \/><\/p><p class='  first_form  form_element form_fullwidth' id='element_avia_4_1'><label for=\"avia_4_1\" class=\"textare_label hidden textare_label_avia_4_1\">Message <abbr class=\"required\" title=\"requis(e)\">*<\/abbr><\/label><textarea  name=\"avia_4_1\" class=\"text_area is_empty\" cols=\"40\" rows=\"7\" id=\"avia_4_1\" ><\/textarea><\/p><p class=\"hidden\"><input type=\"text\" name=\"avia_5_1\" class=\"hidden \" id=\"avia_5_1\" value=\"\" \/><\/p><p class='   form_element form_fullwidth' id='element_avia_6_1'><span class='value_verifier_label'>0 + 6 = ?<\/span><input name=\"avia_6_1_verifier\" type=\"hidden\" id=\"avia_6_1_verifier\" value=\"862427651\"\/><label for=\"avia_6_1\">Merci de prouver que vous \u00eates un humain en donnant le r\u00e9sultat de cette op\u00e9ration <abbr class=\"required\" title=\"requis(e)\">*<\/abbr><\/label><input name=\"avia_6_1\" class=\"text_input captcha\" type=\"text\" id=\"avia_6_1\" value=\"\"\/><\/p><p class=\"form_element \"><input type=\"hidden\" value=\"1\" name=\"avia_generated_form1\" \/><input type=\"submit\" value=\"Envoyer \/ Send\" class=\"button\"  data-sending-label=\"Envoi\"\/><\/p><\/fieldset><\/form><div id=\"ajaxresponse_1\" class=\"ajaxresponse ajaxresponse_1 hidden\"><\/div><\/p><\/div>\n","protected":false},"excerpt":{"rendered":"","protected":false},"author":1,"featured_media":0,"parent":0,"menu_order":0,"comment_status":"closed","ping_status":"closed","template":"","meta":{"footnotes":""},"class_list":["post-27","page","type-page","status-publish","hentry"],"yoast_head":"<!-- This site is optimized with the Yoast SEO plugin v26.8 - https:\/\/yoast.com\/product\/yoast-seo-wordpress\/ -->\n<title>Home - Phi Phi - Dj - Producer<\/title>\n<meta name=\"description\" content=\"Philippe Toutlemonde aka Phi Phi, pionner dj and producer on electro scene since 1985.\" \/>\n<meta name=\"robots\" content=\"index, follow, max-snippet:-1, max-image-preview:large, max-video-preview:-1\" \/>\n<link rel=\"canonical\" href=\"http:\/\/djphiphi.com\/p\/\" \/>\n<meta property=\"og:locale\" content=\"fr_FR\" \/>\n<meta property=\"og:type\" content=\"article\" \/>\n<meta property=\"og:title\" content=\"Home - Phi Phi - Dj - Producer\" \/>\n<meta property=\"og:description\" content=\"Philippe Toutlemonde aka Phi Phi, pionner dj and producer on electro scene since 1985.\" \/>\n<meta property=\"og:url\" content=\"http:\/\/djphiphi.com\/p\/\" \/>\n<meta property=\"og:site_name\" content=\"Phi Phi - Dj - Producer\" \/>\n<meta property=\"article:modified_time\" content=\"2024-12-05T08:09:11+00:00\" \/>\n<meta name=\"twitter:card\" content=\"summary_large_image\" \/>\n<meta name=\"twitter:label1\" content=\"Dur\u00e9e de lecture estim\u00e9e\" \/>\n\t<meta name=\"twitter:data1\" content=\"1 minute\" \/>\n<script type=\"application\/ld+json\" class=\"yoast-schema-graph\">{\"@context\":\"https:\/\/schema.org\",\"@graph\":[{\"@type\":\"WebPage\",\"@id\":\"http:\/\/djphiphi.com\/p\/\",\"url\":\"http:\/\/djphiphi.com\/p\/\",\"name\":\"Home - Phi Phi - Dj - Producer\",\"isPartOf\":{\"@id\":\"http:\/\/djphiphi.com\/p\/#website\"},\"datePublished\":\"2019-05-19T18:24:58+00:00\",\"dateModified\":\"2024-12-05T08:09:11+00:00\",\"description\":\"Philippe Toutlemonde aka Phi Phi, pionner dj and producer on electro scene since 1985.\",\"breadcrumb\":{\"@id\":\"http:\/\/djphiphi.com\/p\/#breadcrumb\"},\"inLanguage\":\"fr-FR\",\"potentialAction\":[{\"@type\":\"ReadAction\",\"target\":[\"http:\/\/djphiphi.com\/p\/\"]}]},{\"@type\":\"BreadcrumbList\",\"@id\":\"http:\/\/djphiphi.com\/p\/#breadcrumb\",\"itemListElement\":[{\"@type\":\"ListItem\",\"position\":1,\"name\":\"Accueil\",\"item\":\"http:\/\/djphiphi.com\/p\/\"},{\"@type\":\"ListItem\",\"position\":2,\"name\":\"Home\"}]},{\"@type\":\"WebSite\",\"@id\":\"http:\/\/djphiphi.com\/p\/#website\",\"url\":\"http:\/\/djphiphi.com\/p\/\",\"name\":\"Phi Phi - Dj - Producer\",\"description\":\"Electro since 1987\",\"potentialAction\":[{\"@type\":\"SearchAction\",\"target\":{\"@type\":\"EntryPoint\",\"urlTemplate\":\"http:\/\/djphiphi.com\/p\/?s={search_term_string}\"},\"query-input\":{\"@type\":\"PropertyValueSpecification\",\"valueRequired\":true,\"valueName\":\"search_term_string\"}}],\"inLanguage\":\"fr-FR\"}]}<\/script>\n<!-- \/ Yoast SEO plugin. -->","yoast_head_json":{"title":"Home - Phi Phi - Dj - Producer","description":"Philippe Toutlemonde aka Phi Phi, pionner dj and producer on electro scene since 1985.","robots":{"index":"index","follow":"follow","max-snippet":"max-snippet:-1","max-image-preview":"max-image-preview:large","max-video-preview":"max-video-preview:-1"},"canonical":"http:\/\/djphiphi.com\/p\/","og_locale":"fr_FR","og_type":"article","og_title":"Home - Phi Phi - Dj - Producer","og_description":"Philippe Toutlemonde aka Phi Phi, pionner dj and producer on electro scene since 1985.","og_url":"http:\/\/djphiphi.com\/p\/","og_site_name":"Phi Phi - Dj - Producer","article_modified_time":"2024-12-05T08:09:11+00:00","twitter_card":"summary_large_image","twitter_misc":{"Dur\u00e9e de lecture estim\u00e9e":"1 minute"},"schema":{"@context":"https:\/\/schema.org","@graph":[{"@type":"WebPage","@id":"http:\/\/djphiphi.com\/p\/","url":"http:\/\/djphiphi.com\/p\/","name":"Home - Phi Phi - Dj - Producer","isPartOf":{"@id":"http:\/\/djphiphi.com\/p\/#website"},"datePublished":"2019-05-19T18:24:58+00:00","dateModified":"2024-12-05T08:09:11+00:00","description":"Philippe Toutlemonde aka Phi Phi, pionner dj and producer on electro scene since 1985.","breadcrumb":{"@id":"http:\/\/djphiphi.com\/p\/#breadcrumb"},"inLanguage":"fr-FR","potentialAction":[{"@type":"ReadAction","target":["http:\/\/djphiphi.com\/p\/"]}]},{"@type":"BreadcrumbList","@id":"http:\/\/djphiphi.com\/p\/#breadcrumb","itemListElement":[{"@type":"ListItem","position":1,"name":"Accueil","item":"http:\/\/djphiphi.com\/p\/"},{"@type":"ListItem","position":2,"name":"Home"}]},{"@type":"WebSite","@id":"http:\/\/djphiphi.com\/p\/#website","url":"http:\/\/djphiphi.com\/p\/","name":"Phi Phi - Dj - Producer","description":"Electro since 1987","potentialAction":[{"@type":"SearchAction","target":{"@type":"EntryPoint","urlTemplate":"http:\/\/djphiphi.com\/p\/?s={search_term_string}"},"query-input":{"@type":"PropertyValueSpecification","valueRequired":true,"valueName":"search_term_string"}}],"inLanguage":"fr-FR"}]}},"_links":{"self":[{"href":"http:\/\/djphiphi.com\/p\/wp-json\/wp\/v2\/pages\/27","targetHints":{"allow":["GET"]}}],"collection":[{"href":"http:\/\/djphiphi.com\/p\/wp-json\/wp\/v2\/pages"}],"about":[{"href":"http:\/\/djphiphi.com\/p\/wp-json\/wp\/v2\/types\/page"}],"author":[{"embeddable":true,"href":"http:\/\/djphiphi.com\/p\/wp-json\/wp\/v2\/users\/1"}],"replies":[{"embeddable":true,"href":"http:\/\/djphiphi.com\/p\/wp-json\/wp\/v2\/comments?post=27"}],"version-history":[{"count":35,"href":"http:\/\/djphiphi.com\/p\/wp-json\/wp\/v2\/pages\/27\/revisions"}],"predecessor-version":[{"id":2056,"href":"http:\/\/djphiphi.com\/p\/wp-json\/wp\/v2\/pages\/27\/revisions\/2056"}],"wp:attachment":[{"href":"http:\/\/djphiphi.com\/p\/wp-json\/wp\/v2\/media?parent=27"}],"curies":[{"name":"wp","href":"https:\/\/api.w.org\/{rel}","templated":true}]}}